{"id":476,"date":"2022-03-22T17:19:04","date_gmt":"2022-03-22T16:19:04","guid":{"rendered":"https:\/\/pfs.cz\/?page_id=476"},"modified":"2022-04-19T21:01:33","modified_gmt":"2022-04-19T19:01:33","slug":"transport","status":"publish","type":"page","link":"https:\/\/pfs.cz\/en\/transport\/","title":{"rendered":"Transport"},"content":{"rendered":"\n<h2 class=\"wp-block-heading\">Transport accessibility of the warehouse area <\/h2>\n\n\n\n<p>The warehouse complex is located less than a kilometre from the Barrandov Bridge &#8211; a well-known transport hub with a connection to Ji\u017en\u00ed spojka, the link between the motorways to Pilsen and Brno. The main entrance (and the postal address) is from the street V mok\u0159in\u00e1ch 283\/8; the other secondary entrance opens into Mod\u0159ansk\u00e1 80 and is located about 250m from the Railway Bridge (the Intelligence Bridge) in the direction from the centre of Prague on the left side. An excellent landmark is the red and white Benzina &#8211; Orlen filling station, which is part of the complex and thanks to the roof in the shape of a huge umbrella is sufficiently visible.<\/p>\n\n\n\n<h2 class=\"wp-block-heading\">Transport to the warehouse area <\/h2>\n\n\n\n<p>The warehouses are conveniently accessible for cars, vans and trucks. Public transport to the warehouse area is possible both by tram No. 17, 3 and 21 to \u010cern\u00fd k\u016f\u0148 station and by bus No. 190 from metro station B Sm\u00edchovsk\u00e9 n\u00e1dra\u017e\u00ed, or from metro station C Bud\u011bjovick\u00e1 by line No. 121 and from metro station C Ka\u010derov by bus No. 106 to \u010cern\u00fd k\u016f\u0148 station.<\/p>\n\n\n\n<h2 class=\"wp-block-heading\">Transport within the warehouse area <\/h2>\n\n\n\n<p>The traffic in the premises is governed by the Traffic and Operation Regulations for the operation in the premises of Pragoflorservis s.r.o. All special purpose roads, including the space for refuelling, are subject to Act No. 365\/2021 Coll., on Road Traffic and on Amendments to Certain Acts (Road Traffic Act), as amended, and Act No. 13\/1997 Coll., on Road Traffic, as amended. All traffic and trucks are allowed to enter the premises and both entrances. The traffic regulations were prepared by the Police of the Czech Republic, Administration of the Capital City of Prague. It is located on the wall of the gatehouse building at the entrance to the premises from V Mok\u0159in\u00e1ch 283\/8 Street.<\/p>\n\n\n\n<h2 class=\"has-text-align-center wp-block-heading\">Are you looking for warehouse rental in Prague at a good price? Call now on <a href=\"tel:+420241012111\">+420 241 012 111<\/a>.<\/h2>\n","protected":false},"excerpt":{"rendered":"<p>Transport accessibility of the warehouse area The warehouse complex is located less than a kilometre from the Barrandov Bridge &#8211; a well-known transport hub with a connection to Ji\u017en\u00ed spojka, the link between the motorways to Pilsen and Brno. The main entrance (and the postal address) is from the street V mok\u0159in\u00e1ch 283\/8; the other [&hellip;]<\/p>\n","protected":false},"author":1,"featured_media":0,"parent":0,"menu_order":40,"comment_status":"closed","ping_status":"closed","template":"","meta":{"_acf_changed":false,"footnotes":""},"class_list":["post-476","page","type-page","status-publish","hentry"],"acf":[],"aioseo_notices":[],"_links":{"self":[{"href":"https:\/\/pfs.cz\/en\/wp-json\/wp\/v2\/pages\/476","targetHints":{"allow":["GET"]}}],"collection":[{"href":"https:\/\/pfs.cz\/en\/wp-json\/wp\/v2\/pages"}],"about":[{"href":"https:\/\/pfs.cz\/en\/wp-json\/wp\/v2\/types\/page"}],"author":[{"embeddable":true,"href":"https:\/\/pfs.cz\/en\/wp-json\/wp\/v2\/users\/1"}],"replies":[{"embeddable":true,"href":"https:\/\/pfs.cz\/en\/wp-json\/wp\/v2\/comments?post=476"}],"version-history":[{"count":1,"href":"https:\/\/pfs.cz\/en\/wp-json\/wp\/v2\/pages\/476\/revisions"}],"predecessor-version":[{"id":477,"href":"https:\/\/pfs.cz\/en\/wp-json\/wp\/v2\/pages\/476\/revisions\/477"}],"wp:attachment":[{"href":"https:\/\/pfs.cz\/en\/wp-json\/wp\/v2\/media?parent=476"}],"curies":[{"name":"wp","href":"https:\/\/api.w.org\/{rel}","templated":true}]}}