{"id":478,"date":"2022-03-22T17:19:13","date_gmt":"2022-03-22T16:19:13","guid":{"rendered":"https:\/\/pfs.cz\/?page_id=478"},"modified":"2022-04-20T14:42:44","modified_gmt":"2022-04-20T12:42:44","slug":"warehouse-and-distribution-services","status":"publish","type":"page","link":"https:\/\/pfs.cz\/en\/warehouse-and-distribution-services\/","title":{"rendered":"Warehouse and distribution services"},"content":{"rendered":"\n<p>Our company is able to provide immediately some warehouse and distribution services according to your requirements, such as loading and unloading with a 3t forklift. Transport then up to a maximum of the size of a larger delivery van, unfortunately excluding foreign transport. We provide these services on the basis of trade licenses issued.<\/p>\n\n\n\n<h2 class=\"wp-block-heading\">Communication and internet<\/h2>\n\n\n\n<p>Connection to voice services is provided at our premises via Siemens Hicom 150 E equipment, including remote monitoring, so we are able to respond to our customers&#8217; requests almost immediately. Network cabling for voice services covers 100% of the premises including warehouses and handling spaces. In each case, the provision of Internet is handled individually, according to the needs and requirements of our customers and according to the most advantageous offers of the operators at the time.<\/p>\n\n\n\n<h2 class=\"wp-block-heading\">Waste management<\/h2>\n\n\n\n<p>Part of our services in our premises at V Mok\u0159in\u00e1ch 283\/8 Prague 4 is to ensure waste management for our tenants, which will arise from the operation of rental companies, according to Act 541\/2020 Coll., The removal and disposal of which is contractually provided by the company Pra\u017esk\u00e9 slu\u017eby a.s. It is a large-volume container for mixed waste. For sorted waste that is subject to recycling, these are containers for plastic, stretch, paper and cardboard packaging, glass and biowaste. Containers are not intended for business waste.<\/p>\n\n\n\n<h2 class=\"wp-block-heading\">Photovoltaics &#8211; electricity production<\/h2>\n\n\n\n<p>Our company has been operating since 16.12. 2010 in the area at V Mok\u0159in\u00e1ch 283\/8 Prague 4 rooftop photovoltaic power plant with an output of 87.48 kWp, which is located on the roofs of buildings. The electricity produced partly covers the electricity consumption in the area. During this ecological electricity production, we have eliminated almost 500 tons of CO2. This makes us one of the companies that are not indifferent to the impact of today&#8217;s environment.<\/p>\n\n\n\n<p>The company HMR solar system s r.o. takes care of the maintenance and repairs of the entire system, regular inspections and inspections of thermal imaging are performed by the company PRE m\u011b\u0159en\u00ed, a.s.<\/p>\n\n\n\n<h2 class=\"wp-block-heading\">Pragoflorservis s.r.o. also operates or cooperates with:<\/h2>\n\n\n\n<p>&nbsp;<\/p>\n\n\n\n<div class=\"wp-block-columns is-layout-flex wp-container-core-columns-is-layout-9d6595d7 wp-block-columns-is-layout-flex\">\n<div class=\"wp-block-column is-layout-flow wp-block-column-is-layout-flow\">\n<div class=\"wp-block-image\"><figure class=\"aligncenter size-full is-resized\"><a href=\"http:\/\/kovovyrobapraha4.cz\/\" target=\"_blank\" rel=\"noopener\"><img decoding=\"async\" src=\"https:\/\/pfs.cz\/wp-content\/uploads\/2022\/04\/logo_pfs_orez.png\" alt=\"\" class=\"wp-image-109\" height=\"80\"\/><\/a><\/figure><\/div>\n\n\n\n<p class=\"has-text-align-center\"><h3 class=\"has-text-align-center\"><a href=\"http:\/\/kovovyrobapraha4.cz\/\" target=\"_blank\" rel=\"noreferrer noopener\"><strong>Metalwork Prague 4<\/strong><\/a><\/h3><\/p>\n<\/div>\n\n\n\n<div class=\"wp-block-column is-layout-flow wp-block-column-is-layout-flow\">\n<div class=\"wp-block-image\"><figure class=\"aligncenter size-full is-resized\"><a href=\"http:\/\/www.renovacedveri-praha.cz\/\" target=\"_blank\" rel=\"noreferrer noopener\"><img decoding=\"async\" src=\"https:\/\/pfs.cz\/wp-content\/uploads\/2022\/04\/welle.png\" alt=\"\" class=\"wp-image-103\" height=\"80\"\/><\/a><\/figure><\/div>\n\n\n\n<p class=\"has-text-align-center\"><h3 class=\"has-text-align-center\"><a href=\"http:\/\/www.renovacedveri-praha.cz\/\" target=\"_blank\" rel=\"noreferrer noopener\"><strong>Renovation of doors<\/strong><\/a><\/h3><\/p>\n<\/div>\n\n\n\n<div class=\"wp-block-column is-layout-flow wp-block-column-is-layout-flow\">\n<div class=\"wp-block-image\"><figure class=\"aligncenter size-full is-resized\"><a href=\"https:\/\/www.q100.cz\/\" target=\"_blank\" rel=\"noopener\"><img decoding=\"async\" src=\"https:\/\/pfs.cz\/wp-content\/uploads\/2022\/04\/Benzina_nov\u00e9_logo.png\" alt=\"\" class=\"wp-image-105\" height=\"80\"\/><\/a><\/figure><\/div>\n\n\n\n<p class=\"has-text-align-center\"><h3 class=\"has-text-align-center\"><a href=\"http:\/\/q100.cz\/\" target=\"_blank\" rel=\"noopener\"><strong>Filling station&nbsp;Mod\u0159ansk\u00e1 80<\/strong><\/a><\/h3><\/p>\n<\/div>\n\n\n\n<div class=\"wp-block-column is-layout-flow wp-block-column-is-layout-flow\">\n<figure class=\"wp-block-image size-full\"><a href=\"\/en\/warehouse-and-distribution-services\/cng-filling-stations-prazska-plynarenska\/\" target=\"_blank\" rel=\"noopener\"><img loading=\"lazy\" decoding=\"async\" width=\"287\" height=\"89\" src=\"https:\/\/pfs.cz\/wp-content\/uploads\/2022\/04\/prazska-plynarenska-logo_1.png\" alt=\"\" class=\"wp-image-299\"\/><\/a><\/figure>\n\n\n\n<p class=\"has-text-align-center\"><h3 class=\"has-text-align-center\"><a href=\"\/en\/warehouse-and-distribution-services\/cng-filling-stations-prazska-plynarenska\/\" target=\"_blank\" rel=\"noopener\"><strong>CNG filling stations<\/strong><\/a><\/h3><\/p>\n<\/div>\n<\/div>\n\n\n\n<p><\/p>\n","protected":false},"excerpt":{"rendered":"<p>Our company is able to provide immediately some warehouse and distribution services according to your requirements, such as loading and unloading with a 3t forklift. Transport then up to a maximum of the size of a larger delivery van, unfortunately excluding foreign transport. We provide these services on the basis of trade licenses issued. Communication [&hellip;]<\/p>\n","protected":false},"author":1,"featured_media":0,"parent":0,"menu_order":50,"comment_status":"closed","ping_status":"closed","template":"","meta":{"_acf_changed":false,"footnotes":""},"class_list":["post-478","page","type-page","status-publish","hentry"],"acf":[],"aioseo_notices":[],"_links":{"self":[{"href":"https:\/\/pfs.cz\/en\/wp-json\/wp\/v2\/pages\/478","targetHints":{"allow":["GET"]}}],"collection":[{"href":"https:\/\/pfs.cz\/en\/wp-json\/wp\/v2\/pages"}],"about":[{"href":"https:\/\/pfs.cz\/en\/wp-json\/wp\/v2\/types\/page"}],"author":[{"embeddable":true,"href":"https:\/\/pfs.cz\/en\/wp-json\/wp\/v2\/users\/1"}],"replies":[{"embeddable":true,"href":"https:\/\/pfs.cz\/en\/wp-json\/wp\/v2\/comments?post=478"}],"version-history":[{"count":4,"href":"https:\/\/pfs.cz\/en\/wp-json\/wp\/v2\/pages\/478\/revisions"}],"predecessor-version":[{"id":501,"href":"https:\/\/pfs.cz\/en\/wp-json\/wp\/v2\/pages\/478\/revisions\/501"}],"wp:attachment":[{"href":"https:\/\/pfs.cz\/en\/wp-json\/wp\/v2\/media?parent=478"}],"curies":[{"name":"wp","href":"https:\/\/api.w.org\/{rel}","templated":true}]}}