{"id":481,"date":"2022-04-11T18:34:40","date_gmt":"2022-04-11T16:34:40","guid":{"rendered":"https:\/\/pfs.cz\/?page_id=481"},"modified":"2022-04-19T21:10:57","modified_gmt":"2022-04-19T19:10:57","slug":"cng-filling-stations-prazska-plynarenska","status":"publish","type":"page","link":"https:\/\/pfs.cz\/en\/warehouse-and-distribution-services\/cng-filling-stations-prazska-plynarenska\/","title":{"rendered":"CNG filling stations \u2013 Pra\u017esk\u00e1 plyn\u00e1rensk\u00e1"},"content":{"rendered":"\n<p>The company Pragoflorservis spol. s r.o. and Pra\u017esk\u00e1 Plyn\u00e1rensk\u00e1 a.s. they have joined forces and since 2009 they have been cooperating on the sale of CNG fuel, compressed natural gas in Prague 4. They jointly operate a CNG sales point. It is located in Prague 4, Mod\u0159ansk\u00e1 Street No. 80 &#8211; the area of the Pragoflorservis gas station and now operated by spol. Gasoline ORLEN. The CNG filling station is fully self-service and a payment card or a fleet card from Pra\u017esk\u00e1 plyn\u00e1rensk\u00e1 a.s. can be used as a means of payment.<\/p>\n\n\n\n<h2 class=\"has-text-align-center wp-block-heading\">CNG is the most widely used alternative fuel.<\/h2>\n\n\n\n<p>&nbsp;<\/p>\n\n\n\n<figure class=\"wp-block-gallery aligncenter has-nested-images columns-default is-cropped wp-block-gallery-1 is-layout-flex wp-block-gallery-is-layout-flex\">\n<figure class=\"wp-block-image size-large\"><a href=\"https:\/\/pfs.cz\/wp-content\/uploads\/2022\/04\/CNG_Modrany_2020_1.jpg\"><img loading=\"lazy\" decoding=\"async\" width=\"825\" height=\"1100\" data-id=\"460\" src=\"https:\/\/pfs.cz\/wp-content\/uploads\/2022\/04\/CNG_Modrany_2020_1.jpg\" alt=\"\" class=\"wp-image-460\" srcset=\"https:\/\/pfs.cz\/wp-content\/uploads\/2022\/04\/CNG_Modrany_2020_1.jpg 825w, https:\/\/pfs.cz\/wp-content\/uploads\/2022\/04\/CNG_Modrany_2020_1-225x300.jpg 225w, https:\/\/pfs.cz\/wp-content\/uploads\/2022\/04\/CNG_Modrany_2020_1-768x1024.jpg 768w\" sizes=\"auto, (max-width: 825px) 100vw, 825px\" \/><\/a><\/figure>\n\n\n\n<figure class=\"wp-block-image size-large\"><a href=\"https:\/\/pfs.cz\/wp-content\/uploads\/2022\/04\/CNG_Modrany_2020_3.jpg\"><img loading=\"lazy\" decoding=\"async\" width=\"1400\" height=\"1050\" data-id=\"456\" src=\"https:\/\/pfs.cz\/wp-content\/uploads\/2022\/04\/CNG_Modrany_2020_3.jpg\" alt=\"\" class=\"wp-image-456\" srcset=\"https:\/\/pfs.cz\/wp-content\/uploads\/2022\/04\/CNG_Modrany_2020_3.jpg 1400w, https:\/\/pfs.cz\/wp-content\/uploads\/2022\/04\/CNG_Modrany_2020_3-300x225.jpg 300w, https:\/\/pfs.cz\/wp-content\/uploads\/2022\/04\/CNG_Modrany_2020_3-1024x768.jpg 1024w, https:\/\/pfs.cz\/wp-content\/uploads\/2022\/04\/CNG_Modrany_2020_3-768x576.jpg 768w\" sizes=\"auto, (max-width: 1400px) 100vw, 1400px\" \/><\/a><\/figure>\n\n\n\n<figure class=\"wp-block-image size-large\"><a href=\"https:\/\/pfs.cz\/wp-content\/uploads\/2022\/04\/CNG_Modrany_2020_4.jpg\"><img loading=\"lazy\" decoding=\"async\" width=\"907\" height=\"1100\" data-id=\"458\" src=\"https:\/\/pfs.cz\/wp-content\/uploads\/2022\/04\/CNG_Modrany_2020_4.jpg\" alt=\"\" class=\"wp-image-458\" srcset=\"https:\/\/pfs.cz\/wp-content\/uploads\/2022\/04\/CNG_Modrany_2020_4.jpg 907w, https:\/\/pfs.cz\/wp-content\/uploads\/2022\/04\/CNG_Modrany_2020_4-247x300.jpg 247w, https:\/\/pfs.cz\/wp-content\/uploads\/2022\/04\/CNG_Modrany_2020_4-844x1024.jpg 844w, https:\/\/pfs.cz\/wp-content\/uploads\/2022\/04\/CNG_Modrany_2020_4-768x931.jpg 768w\" sizes=\"auto, (max-width: 907px) 100vw, 907px\" \/><\/a><\/figure>\n<\/figure>\n","protected":false},"excerpt":{"rendered":"<p>The company Pragoflorservis spol. s r.o. and Pra\u017esk\u00e1 Plyn\u00e1rensk\u00e1 a.s. they have joined forces and since 2009 they have been cooperating on the sale of CNG fuel, compressed natural gas in Prague 4. They jointly operate a CNG sales point. It is located in Prague 4, Mod\u0159ansk\u00e1 Street No. 80 &#8211; the area of the [&hellip;]<\/p>\n","protected":false},"author":1,"featured_media":0,"parent":478,"menu_order":0,"comment_status":"closed","ping_status":"closed","template":"","meta":{"_acf_changed":false,"footnotes":""},"class_list":["post-481","page","type-page","status-publish","hentry"],"acf":[],"aioseo_notices":[],"_links":{"self":[{"href":"https:\/\/pfs.cz\/en\/wp-json\/wp\/v2\/pages\/481","targetHints":{"allow":["GET"]}}],"collection":[{"href":"https:\/\/pfs.cz\/en\/wp-json\/wp\/v2\/pages"}],"about":[{"href":"https:\/\/pfs.cz\/en\/wp-json\/wp\/v2\/types\/page"}],"author":[{"embeddable":true,"href":"https:\/\/pfs.cz\/en\/wp-json\/wp\/v2\/users\/1"}],"replies":[{"embeddable":true,"href":"https:\/\/pfs.cz\/en\/wp-json\/wp\/v2\/comments?post=481"}],"version-history":[{"count":1,"href":"https:\/\/pfs.cz\/en\/wp-json\/wp\/v2\/pages\/481\/revisions"}],"predecessor-version":[{"id":482,"href":"https:\/\/pfs.cz\/en\/wp-json\/wp\/v2\/pages\/481\/revisions\/482"}],"up":[{"embeddable":true,"href":"https:\/\/pfs.cz\/en\/wp-json\/wp\/v2\/pages\/478"}],"wp:attachment":[{"href":"https:\/\/pfs.cz\/en\/wp-json\/wp\/v2\/media?parent=481"}],"curies":[{"name":"wp","href":"https:\/\/api.w.org\/{rel}","templated":true}]}}