{"id":484,"date":"2022-04-11T21:06:24","date_gmt":"2022-04-11T19:06:24","guid":{"rendered":"https:\/\/pfs.cz\/?page_id=484"},"modified":"2024-03-27T21:34:19","modified_gmt":"2024-03-27T20:34:19","slug":"companies-in-the-area","status":"publish","type":"page","link":"https:\/\/pfs.cz\/en\/companies-in-the-area\/","title":{"rendered":"Companies in the area"},"content":{"rendered":"\n<p><\/p>\n\n\n\n<div class=\"wp-block-columns is-layout-flex wp-container-core-columns-is-layout-9d6595d7 wp-block-columns-is-layout-flex\">\n<div class=\"wp-block-column is-layout-flow wp-block-column-is-layout-flow\"><div class=\"wp-block-image\">\n<figure class=\"aligncenter size-full\"><a href=\"http:\/\/www.adicolor.cz\/\" target=\"_blank\" rel=\"noopener\"><img decoding=\"async\" src=\"https:\/\/pfs.cz\/wp-content\/uploads\/2022\/04\/pronajem_skladu_praha_logo_19.jpg\" alt=\"\" class=\"wp-image-367\"\/><\/a><\/figure>\n<\/div>\n\n\n<h4 class=\"wp-block-heading has-text-align-center\"><a href=\"http:\/\/www.adicolor.cz\/\" target=\"_blank\" rel=\"noreferrer noopener\">Adicolor Prague<\/a><\/h4>\n\n\n\n\n<div class=\"wp-block-image\">\n<figure class=\"aligncenter size-full\"><a href=\"https:\/\/www.highlife.cz\/\" target=\"_blank\" rel=\"noopener\"><img loading=\"lazy\" decoding=\"async\" width=\"391\" height=\"129\" src=\"https:\/\/pfs.cz\/wp-content\/uploads\/2022\/04\/pronajem_skladu_praha_logo_12-1.jpg\" alt=\"\" class=\"wp-image-386\" srcset=\"https:\/\/pfs.cz\/wp-content\/uploads\/2022\/04\/pronajem_skladu_praha_logo_12-1.jpg 391w, https:\/\/pfs.cz\/wp-content\/uploads\/2022\/04\/pronajem_skladu_praha_logo_12-1-300x99.jpg 300w\" sizes=\"auto, (max-width: 391px) 100vw, 391px\" \/><\/a><\/figure>\n<\/div>\n\n\n<h4 class=\"wp-block-heading has-text-align-center\"><a href=\"https:\/\/www.highlife.cz\/\" target=\"_blank\" rel=\"noreferrer noopener\" title=\"High Life\">High Life<\/a><\/h4>\n\n\n<div class=\"wp-block-image\">\n<figure class=\"aligncenter size-full\"><a href=\"https:\/\/www.moto-jitka.cz\/\" target=\"_blank\" rel=\"noopener\"><img loading=\"lazy\" decoding=\"async\" width=\"416\" height=\"147\" src=\"https:\/\/pfs.cz\/wp-content\/uploads\/2022\/04\/pronajem_skladu_praha_logo_6-1.jpg\" alt=\"\" class=\"wp-image-410\" srcset=\"https:\/\/pfs.cz\/wp-content\/uploads\/2022\/04\/pronajem_skladu_praha_logo_6-1.jpg 416w, https:\/\/pfs.cz\/wp-content\/uploads\/2022\/04\/pronajem_skladu_praha_logo_6-1-300x106.jpg 300w\" sizes=\"auto, (max-width: 416px) 100vw, 416px\" \/><\/a><\/figure>\n<\/div>\n\n\n<h4 class=\"wp-block-heading has-text-align-center\"><a href=\"https:\/\/www.moto-jitka.cz\/\" target=\"_blank\" rel=\"noreferrer noopener\">Moto Jitka<\/a><\/h4>\n\n\n<div class=\"wp-block-image\">\n<figure class=\"aligncenter size-full\"><a href=\"http:\/\/www.ppas.cz\/\" target=\"_blank\" rel=\"noopener\"><img loading=\"lazy\" decoding=\"async\" width=\"287\" height=\"89\" src=\"https:\/\/pfs.cz\/wp-content\/uploads\/2022\/04\/prazska-plynarenska-logo_1.png\" alt=\"\" class=\"wp-image-299\"\/><\/a><\/figure>\n<\/div>\n\n\n<h4 class=\"wp-block-heading has-text-align-center\"><a href=\"http:\/\/www.ppas.cz\/\" target=\"_blank\" rel=\"noreferrer noopener\" title=\"Pra\u017esk\u00e1 plyn\u00e1rensk\u00e1\">Pra\u017esk\u00e1 plyn\u00e1rensk\u00e1<\/a><\/h4>\n\n\n<div class=\"wp-block-image\">\n<figure class=\"aligncenter size-full\"><a href=\"http:\/\/www.mkpodlahy.cz\/\" target=\"_blank\" rel=\"noreferrer noopener\"><img loading=\"lazy\" decoding=\"async\" width=\"281\" height=\"75\" src=\"https:\/\/pfs.cz\/wp-content\/uploads\/2023\/05\/MKpodlahy.jpg\" alt=\"\" class=\"wp-image-619\"\/><\/a><\/figure>\n<\/div>\n\n\n<h4 class=\"wp-block-heading has-text-align-center\"><a href=\"http:\/\/www.mkpodlahy.cz\/\" target=\"_blank\" rel=\"noreferrer noopener\" title=\"MK.Podlahy\">MK.Podlahy<\/a><\/h4>\n<\/div>\n\n\n\n<div class=\"wp-block-column is-layout-flow wp-block-column-is-layout-flow\">\n\n<div class=\"wp-block-image\">\n<figure class=\"aligncenter size-full\"><a href=\"https:\/\/www.automaticke-kavovary.com\/\" target=\"_blank\" rel=\"noopener\"><img loading=\"lazy\" decoding=\"async\" width=\"160\" height=\"80\" src=\"https:\/\/pfs.cz\/wp-content\/uploads\/2022\/04\/pronajem_skladu_praha_logo_5.webp\" alt=\"\" class=\"wp-image-408\"\/><\/a><\/figure>\n<\/div>\n\n\n<h4 class=\"wp-block-heading has-text-align-center\"><a href=\"https:\/\/www.automaticke-kavovary.com\/\" target=\"_blank\" rel=\"noreferrer noopener\" title=\"Primo a.s.\">Primo a.s.<\/a><\/h4>\n\n\n<div class=\"wp-block-image\">\n<figure class=\"aligncenter size-full\"><a href=\"http:\/\/www.kovani-nabytkove.eu\/\" target=\"_blank\" rel=\"noopener\"><img loading=\"lazy\" decoding=\"async\" width=\"200\" height=\"101\" src=\"https:\/\/pfs.cz\/wp-content\/uploads\/2022\/04\/pronajem_skladu_praha_logo_16-1.jpg\" alt=\"\" class=\"wp-image-394\"\/><\/a><\/figure>\n<\/div>\n\n\n<h4 class=\"wp-block-heading has-text-align-center\"><a href=\"http:\/\/www.kovani-nabytkove.eu\/\" target=\"_blank\" rel=\"noreferrer noopener\" title=\"EIPA\">EIPA<\/a><\/h4>\n\n\n<div class=\"wp-block-image\">\n<figure class=\"aligncenter size-full\"><a href=\"http:\/\/www.zavolejsikuryra.cz\/cz\/\" target=\"_blank\" rel=\"noopener\"><img loading=\"lazy\" decoding=\"async\" width=\"178\" height=\"108\" src=\"https:\/\/pfs.cz\/wp-content\/uploads\/2022\/04\/pronajem_skladu_praha_logo_9-1.jpg\" alt=\"\" class=\"wp-image-416\"\/><\/a><\/figure>\n<\/div>\n\n\n<h4 class=\"wp-block-heading has-text-align-center\"><a href=\"http:\/\/www.zavolejsikuryra.cz\/cz\/\" target=\"_blank\" rel=\"noreferrer noopener\" title=\"Zavolejsikur\u00fdra.cz\">Zavolejsikur\u00fdra.cz<\/a><\/h4>\n\n\n<div class=\"wp-block-image\">\n<figure class=\"aligncenter size-full\"><a href=\"http:\/\/www.gtservispraha.cz\/\" target=\"_blank\" rel=\"noopener\"><img loading=\"lazy\" decoding=\"async\" width=\"520\" height=\"60\" src=\"https:\/\/pfs.cz\/wp-content\/uploads\/2022\/04\/pronajem_skladu_praha_logo_13-1.jpg\" alt=\"\" class=\"wp-image-388\" srcset=\"https:\/\/pfs.cz\/wp-content\/uploads\/2022\/04\/pronajem_skladu_praha_logo_13-1.jpg 520w, https:\/\/pfs.cz\/wp-content\/uploads\/2022\/04\/pronajem_skladu_praha_logo_13-1-300x35.jpg 300w\" sizes=\"auto, (max-width: 520px) 100vw, 520px\" \/><\/a><\/figure>\n<\/div>\n\n\n<h4 class=\"wp-block-heading has-text-align-center\"><a href=\"http:\/\/www.gtservispraha.cz\/\" target=\"_blank\" rel=\"noreferrer noopener\" title=\"GT Servis\">GT Servis<\/a><\/h4>\n\n\n<div class=\"wp-block-image\">\n<figure class=\"aligncenter size-full\"><a href=\"https:\/\/www.intersurgical.com\/\" target=\"_blank\" rel=\"noreferrer noopener\"><img loading=\"lazy\" decoding=\"async\" width=\"300\" height=\"46\" src=\"https:\/\/pfs.cz\/wp-content\/uploads\/2023\/05\/Intersurgical_good.jpg\" alt=\"\" class=\"wp-image-606\"\/><\/a><\/figure>\n<\/div>\n\n\n<h4 class=\"wp-block-heading has-text-align-center\"><a href=\"https:\/\/www.intersurgical.com\/\" target=\"_blank\" rel=\"noreferrer noopener\" title=\"Intersurgical\">Intersurgical<\/a><\/h4>\n\n\n<div class=\"wp-block-image\">\n<figure class=\"aligncenter size-full\"><a href=\"https:\/\/archiconplus.cz\/\" target=\"_blank\" rel=\"noreferrer noopener\"><img loading=\"lazy\" decoding=\"async\" width=\"300\" height=\"94\" src=\"https:\/\/pfs.cz\/wp-content\/uploads\/2023\/05\/Archiconplus_tmave.jpg\" alt=\"\" class=\"wp-image-614\"\/><\/a><\/figure>\n<\/div>\n\n\n<h4 class=\"wp-block-heading has-text-align-center\"><a href=\"https:\/\/archiconplus.cz\/\" target=\"_blank\" rel=\"noreferrer noopener\" title=\"ArchiCon plus\">ArchiCon plus<\/a><\/h4>\n\n\n<div class=\"wp-block-image\">\n<figure class=\"aligncenter size-full\"><a href=\"https:\/\/www.zaluzie-bendik.cz\/\" target=\"_blank\" rel=\"noreferrer noopener\"><img loading=\"lazy\" decoding=\"async\" width=\"300\" height=\"66\" src=\"https:\/\/pfs.cz\/wp-content\/uploads\/2023\/05\/Bendik_new.jpg\" alt=\"\" class=\"wp-image-624\"\/><\/a><\/figure>\n<\/div>\n\n\n<h4 class=\"wp-block-heading has-text-align-center\"><a href=\"https:\/\/www.zaluzie-bendik.cz\/\" target=\"_blank\" rel=\"noreferrer noopener\" title=\"\u017dALUZIE \u2013 BEND\u00cdK\">\u017dALUZIE \u2013 BEND\u00cdK<\/a><\/h4>\n<\/div>\n\n\n\n<div class=\"wp-block-column is-layout-flow wp-block-column-is-layout-flow\"><div class=\"wp-block-image\">\n<figure class=\"aligncenter size-full\"><a href=\"http:\/\/www.axonsport.cz\/\" target=\"_blank\" rel=\"noopener\"><img loading=\"lazy\" decoding=\"async\" width=\"224\" height=\"87\" src=\"https:\/\/pfs.cz\/wp-content\/uploads\/2022\/04\/pronajem_skladu_praha_logo_17-1.jpg\" alt=\"\" class=\"wp-image-396\"\/><\/a><\/figure>\n<\/div>\n\n\n<h4 class=\"wp-block-heading has-text-align-center\"><a href=\"http:\/\/www.axonsport.cz\/\" target=\"_blank\" rel=\"noreferrer noopener\" title=\"Axon Czech, a.s.\">Axon Czech, a.s.<\/a><\/h4>\n\n\n<div class=\"wp-block-image\">\n<figure class=\"aligncenter size-full\"><a href=\"https:\/\/autosklo.top\/\" target=\"_blank\" rel=\"noopener\"><img decoding=\"async\" src=\"\/wp-content\/uploads\/2024\/03\/pronajem_skladu_praha_autosklo.jpg\" alt=\"\" class=\"wp-image-396\"\/><\/a><\/figure>\n<\/div>\n\n\n<h4 class=\"wp-block-heading has-text-align-center\"><a href=\"https:\/\/autosklo.top\/\" target=\"_blank\" rel=\"noreferrer noopener\" title=\"TETRACON GROUP s.r.o.\">TETRACON GROUP s.r.o.<\/a><\/h4>\n\n\n<div class=\"wp-block-image\">\n<figure class=\"aligncenter size-full\"><a href=\"https:\/\/czech.medochemie.com\" target=\"_blank\" rel=\"noopener\"><img loading=\"lazy\" decoding=\"async\" width=\"195\" height=\"139\" src=\"https:\/\/pfs.cz\/wp-content\/uploads\/2022\/04\/pronajem_skladu_praha_logo_8-1.jpg\" alt=\"\" class=\"wp-image-414\"\/><\/a><\/figure>\n<\/div>\n\n\n<h4 class=\"wp-block-heading has-text-align-center\"><a href=\"https:\/\/czech.medochemie.com\" target=\"_blank\" rel=\"noreferrer noopener\" title=\"Medochemie Czech\">Medochemie Czech<\/a><\/h4>\n\n\n<div class=\"wp-block-image\">\n<figure class=\"aligncenter size-full\"><a href=\"https:\/\/www.m-klima.cz\/\" target=\"_blank\" rel=\"noopener\"><img loading=\"lazy\" decoding=\"async\" width=\"202\" height=\"45\" src=\"https:\/\/pfs.cz\/wp-content\/uploads\/2022\/04\/pronajem_skladu_praha_logo_7.png\" alt=\"\" class=\"wp-image-412\"\/><\/a><\/figure>\n<\/div>\n\n\n<h4 class=\"wp-block-heading has-text-align-center\"><a href=\"https:\/\/www.m-klima.cz\/\" target=\"_blank\" rel=\"noreferrer noopener\" title=\"M-klima s&nbsp;r.o.\">M-klima s&nbsp;r.o.<\/a><\/h4>\n\n\n\n\n<div class=\"wp-block-image\">\n<figure class=\"aligncenter size-full\"><a href=\"https:\/\/www.sving.cz\/\" target=\"_blank\" rel=\"noopener\"><img loading=\"lazy\" decoding=\"async\" width=\"239\" height=\"97\" src=\"https:\/\/pfs.cz\/wp-content\/uploads\/2022\/04\/pronajem_skladu_praha_logo_2-1.jpg\" alt=\"\" class=\"wp-image-402\"\/><\/a><\/figure>\n<\/div>\n\n\n<h4 class=\"wp-block-heading has-text-align-center\"><a href=\"https:\/\/www.sving.cz\/\" target=\"_blank\" rel=\"noreferrer noopener\">Sving<\/a><\/h4>\n\n\n<\/div>\n\n\n\n<div class=\"wp-block-column is-layout-flow wp-block-column-is-layout-flow\"><div class=\"wp-block-image\">\n<figure class=\"aligncenter size-full\"><a href=\"https:\/\/www.salesianer.cz\/\" target=\"_blank\" rel=\"noopener\"><img loading=\"lazy\" decoding=\"async\" width=\"303\" height=\"85\" src=\"https:\/\/pfs.cz\/wp-content\/uploads\/2022\/04\/pronajem_skladu_praha_logo_1-1.jpg\" alt=\"\" class=\"wp-image-380\" srcset=\"https:\/\/pfs.cz\/wp-content\/uploads\/2022\/04\/pronajem_skladu_praha_logo_1-1.jpg 303w, https:\/\/pfs.cz\/wp-content\/uploads\/2022\/04\/pronajem_skladu_praha_logo_1-1-300x85.jpg 300w\" sizes=\"auto, (max-width: 303px) 100vw, 303px\" \/><\/a><\/figure>\n<\/div>\n\n\n<h4 class=\"wp-block-heading has-text-align-center\"><a href=\"https:\/\/www.salesianer.cz\/\" target=\"_blank\" rel=\"noreferrer noopener\" title=\"Salesianer\">Salesianer<\/a><\/h4>\n\n\n<div class=\"wp-block-image\">\n<figure class=\"aligncenter size-full\"><a href=\"https:\/\/www.set-mont.cz\/\" target=\"_blank\" rel=\"noopener\"><img loading=\"lazy\" decoding=\"async\" width=\"225\" height=\"225\" src=\"https:\/\/pfs.cz\/wp-content\/uploads\/2022\/04\/pronajem_skladu_praha_logo_3-1.jpg\" alt=\"\" class=\"wp-image-404\"\/><\/a><\/figure>\n<\/div>\n\n\n<h4 class=\"wp-block-heading has-text-align-center\"><a href=\"https:\/\/www.set-mont.cz\/\" target=\"_blank\" rel=\"noreferrer noopener\" title=\"Set-Mont S&nbsp;r.o.\">Set-Mont S&nbsp;r.o.<\/a><\/h4>\n\n\n<div class=\"wp-block-image\">\n<figure class=\"aligncenter size-full\"><a href=\"https:\/\/www.eurook.cz\/\" target=\"_blank\" rel=\"noopener\"><img loading=\"lazy\" decoding=\"async\" width=\"134\" height=\"100\" src=\"https:\/\/pfs.cz\/wp-content\/uploads\/2022\/04\/pronajem_skladu_praha_logo_10-1.jpg\" alt=\"\" class=\"wp-image-382\"\/><\/a><\/figure>\n<\/div>\n\n\n<h4 class=\"wp-block-heading has-text-align-center\"><a href=\"https:\/\/www.eurook.cz\/\" target=\"_blank\" rel=\"noreferrer noopener\" title=\"Eurook Kulh\u00e1nek Ji\u0159\u00ed\">Eurook Kulh\u00e1nek Ji\u0159\u00ed<\/a><\/h4>\n\n\n<div class=\"wp-block-image\">\n<figure class=\"aligncenter size-full\"><a href=\"https:\/\/www.euroalarm.cz\/\" target=\"_blank\" rel=\"noopener\"><img loading=\"lazy\" decoding=\"async\" width=\"225\" height=\"51\" src=\"https:\/\/pfs.cz\/wp-content\/uploads\/2022\/04\/pronajem_skladu_praha_logo_15-1.jpg\" alt=\"\" class=\"wp-image-392\"\/><\/a><\/figure>\n<\/div>\n\n\n<h4 class=\"wp-block-heading has-text-align-center\"><a href=\"https:\/\/www.euroalarm.cz\/\" target=\"_blank\" rel=\"noreferrer noopener\" title=\"Euroalarm spol. s&nbsp;r.o.\">Euroalarm spol. s&nbsp;r.o.<\/a><\/h4>\n\n\n<div class=\"wp-block-image\">\n<figure class=\"aligncenter size-large\"><a href=\"https:\/\/www.benzinaorlen.cz\/\" target=\"_blank\" rel=\"noopener\"><img decoding=\"async\" src=\"https:\/\/pfs.cz\/wp-content\/uploads\/2022\/04\/Benzina_nov%C3%A9_logo.png\" alt=\"\"\/><\/a><\/figure>\n<\/div>\n\n\n<h4 class=\"wp-block-heading has-text-align-center\"><a href=\"https:\/\/www.benzinaorlen.cz\/\" target=\"_blank\" rel=\"noreferrer noopener\" title=\"Benzina ORLEN\">Benzina ORLEN<\/a><\/h4>\n\n\n<\/div>\n<\/div>\n\n\n\n<p><\/p>\n","protected":false},"excerpt":{"rendered":"<p>Adicolor Prague High Life Moto Jitka Pra\u017esk\u00e1 plyn\u00e1rensk\u00e1 MK.Podlahy Primo a.s. EIPA Zavolejsikur\u00fdra.cz GT Servis Intersurgical ArchiCon plus \u017dALUZIE \u2013 BEND\u00cdK Axon Czech, a.s. TETRACON GROUP s.r.o. Medochemie Czech M-klima s&nbsp;r.o. Sving Salesianer Set-Mont S&nbsp;r.o. Eurook Kulh\u00e1nek Ji\u0159\u00ed Euroalarm spol. s&nbsp;r.o. Benzina ORLEN<\/p>\n","protected":false},"author":1,"featured_media":0,"parent":0,"menu_order":200,"comment_status":"closed","ping_status":"closed","template":"","meta":{"_acf_changed":false,"footnotes":""},"class_list":["post-484","page","type-page","status-publish","hentry"],"acf":[],"aioseo_notices":[],"_links":{"self":[{"href":"https:\/\/pfs.cz\/en\/wp-json\/wp\/v2\/pages\/484","targetHints":{"allow":["GET"]}}],"collection":[{"href":"https:\/\/pfs.cz\/en\/wp-json\/wp\/v2\/pages"}],"about":[{"href":"https:\/\/pfs.cz\/en\/wp-json\/wp\/v2\/types\/page"}],"author":[{"embeddable":true,"href":"https:\/\/pfs.cz\/en\/wp-json\/wp\/v2\/users\/1"}],"replies":[{"embeddable":true,"href":"https:\/\/pfs.cz\/en\/wp-json\/wp\/v2\/comments?post=484"}],"version-history":[{"count":6,"href":"https:\/\/pfs.cz\/en\/wp-json\/wp\/v2\/pages\/484\/revisions"}],"predecessor-version":[{"id":649,"href":"https:\/\/pfs.cz\/en\/wp-json\/wp\/v2\/pages\/484\/revisions\/649"}],"wp:attachment":[{"href":"https:\/\/pfs.cz\/en\/wp-json\/wp\/v2\/media?parent=484"}],"curies":[{"name":"wp","href":"https:\/\/api.w.org\/{rel}","templated":true}]}}